{"id":3260,"date":"2021-11-23T14:21:34","date_gmt":"2021-11-23T13:21:34","guid":{"rendered":"http:\/\/levolatil.fr\/?page_id=3260"},"modified":"2026-04-16T09:53:47","modified_gmt":"2026-04-16T07:53:47","slug":"laccueil-en-residence","status":"publish","type":"page","link":"https:\/\/levolatil.fr\/index.php\/laccueil-en-residence\/","title":{"rendered":"R\u00e9sidence"},"content":{"rendered":"\n<div class=\"wp-block-group is-layout-grid wp-container-core-group-is-layout-e6c81f28 wp-block-group-is-layout-grid\">\n\n\n<div style=\"height:100px\" aria-hidden=\"true\" class=\"wp-block-spacer\"><\/div>\n\n\n<\/div>\n\n\n\n<div class=\"wp-block-create-block-info-block info-block\" style=\"display:flex;\">\n\n    <div class=\"block-gauche\" style=\"width:65%\">\n\n        \n    <\/div>\n\n    <div class=\"block-droite\" style=\"width:35%\">\n        <div class=\"b-paragraph\">\n                            <h1>Les modalit\u00e9s d&#039;accueil <\/h1>\n            \n                    <\/div>\n    <\/div>\n\n<\/div>\n\n\n\n<div class=\"wp-block-create-block-info-block info-block\" style=\"display:flex;\">\n\n    <div class=\"block-gauche\" style=\"width:35%\">\n\n        \n    <\/div>\n\n    <div class=\"block-droite\" style=\"width:65%\">\n        <div class=\"b-paragraph\">\n            \n                    <\/div>\n    <\/div>\n\n<\/div>\n\n\n\n<p><\/p>\n","protected":false},"excerpt":{"rendered":"","protected":false},"author":1,"featured_media":0,"parent":0,"menu_order":0,"comment_status":"closed","ping_status":"closed","template":"templates\/template-banner.php","meta":{"_acf_changed":false,"footnotes":""},"class_list":["post-3260","page","type-page","status-publish","hentry"],"acf":[],"yoast_head":"<!-- This site is optimized with the Yoast SEO plugin v27.5 - https:\/\/yoast.com\/product\/yoast-seo-wordpress\/ -->\n<title>Le Volatil - R\u00e9sidence<\/title>\n<meta name=\"description\" content=\"Un lieu de cr\u00e9ation id\u00e9al doit permettre aux artistes de travailler sans la n\u00e9cessit\u00e9 d\u2019\u00e9noncer un discours clair sur ce qu\u2019ils vont produire\" \/>\n<meta name=\"robots\" content=\"index, follow, max-snippet:-1, max-image-preview:large, max-video-preview:-1\" \/>\n<link rel=\"canonical\" href=\"https:\/\/levolatil.fr\/index.php\/laccueil-en-residence\/\" \/>\n<meta property=\"og:locale\" content=\"fr_FR\" \/>\n<meta property=\"og:type\" content=\"article\" \/>\n<meta property=\"og:title\" content=\"Le Volatil - R\u00e9sidence\" \/>\n<meta property=\"og:description\" content=\"Un lieu de cr\u00e9ation id\u00e9al doit permettre aux artistes de travailler sans la n\u00e9cessit\u00e9 d\u2019\u00e9noncer un discours clair sur ce qu\u2019ils vont produire\" \/>\n<meta property=\"og:url\" content=\"https:\/\/levolatil.fr\/index.php\/laccueil-en-residence\/\" \/>\n<meta property=\"og:site_name\" content=\"Le Volatil\" \/>\n<meta property=\"article:publisher\" content=\"https:\/\/www.facebook.com\/LEVOLATIL\/?ref=pages_you_manage\" \/>\n<meta property=\"article:modified_time\" content=\"2026-04-16T07:53:47+00:00\" \/>\n<meta name=\"twitter:card\" content=\"summary_large_image\" \/>\n<script type=\"application\/ld+json\" class=\"yoast-schema-graph\">{\"@context\":\"https:\\\/\\\/schema.org\",\"@graph\":[{\"@type\":\"WebPage\",\"@id\":\"https:\\\/\\\/levolatil.fr\\\/index.php\\\/laccueil-en-residence\\\/\",\"url\":\"https:\\\/\\\/levolatil.fr\\\/index.php\\\/laccueil-en-residence\\\/\",\"name\":\"Le Volatil - R\u00e9sidence\",\"isPartOf\":{\"@id\":\"https:\\\/\\\/levolatil.fr\\\/#website\"},\"datePublished\":\"2021-11-23T13:21:34+00:00\",\"dateModified\":\"2026-04-16T07:53:47+00:00\",\"description\":\"Un lieu de cr\u00e9ation id\u00e9al doit permettre aux artistes de travailler sans la n\u00e9cessit\u00e9 d\u2019\u00e9noncer un discours clair sur ce qu\u2019ils vont produire\",\"breadcrumb\":{\"@id\":\"https:\\\/\\\/levolatil.fr\\\/index.php\\\/laccueil-en-residence\\\/#breadcrumb\"},\"inLanguage\":\"fr-FR\",\"potentialAction\":[{\"@type\":\"ReadAction\",\"target\":[\"https:\\\/\\\/levolatil.fr\\\/index.php\\\/laccueil-en-residence\\\/\"]}]},{\"@type\":\"BreadcrumbList\",\"@id\":\"https:\\\/\\\/levolatil.fr\\\/index.php\\\/laccueil-en-residence\\\/#breadcrumb\",\"itemListElement\":[{\"@type\":\"ListItem\",\"position\":1,\"name\":\"Accueil\",\"item\":\"https:\\\/\\\/levolatil.fr\\\/\"},{\"@type\":\"ListItem\",\"position\":2,\"name\":\"R\u00e9sidence\"}]},{\"@type\":\"WebSite\",\"@id\":\"https:\\\/\\\/levolatil.fr\\\/#website\",\"url\":\"https:\\\/\\\/levolatil.fr\\\/\",\"name\":\"Le Volatil\",\"description\":\"Manufacture artistique\",\"publisher\":{\"@id\":\"https:\\\/\\\/levolatil.fr\\\/#organization\"},\"potentialAction\":[{\"@type\":\"SearchAction\",\"target\":{\"@type\":\"EntryPoint\",\"urlTemplate\":\"https:\\\/\\\/levolatil.fr\\\/?s={search_term_string}\"},\"query-input\":{\"@type\":\"PropertyValueSpecification\",\"valueRequired\":true,\"valueName\":\"search_term_string\"}}],\"inLanguage\":\"fr-FR\"},{\"@type\":\"Organization\",\"@id\":\"https:\\\/\\\/levolatil.fr\\\/#organization\",\"name\":\"Le Volatil\",\"url\":\"https:\\\/\\\/levolatil.fr\\\/\",\"logo\":{\"@type\":\"ImageObject\",\"inLanguage\":\"fr-FR\",\"@id\":\"https:\\\/\\\/levolatil.fr\\\/#\\\/schema\\\/logo\\\/image\\\/\",\"url\":\"https:\\\/\\\/levolatil.fr\\\/wp-content\\\/uploads\\\/2023\\\/09\\\/Fichier-1.png\",\"contentUrl\":\"https:\\\/\\\/levolatil.fr\\\/wp-content\\\/uploads\\\/2023\\\/09\\\/Fichier-1.png\",\"width\":2768,\"height\":1926,\"caption\":\"Le Volatil\"},\"image\":{\"@id\":\"https:\\\/\\\/levolatil.fr\\\/#\\\/schema\\\/logo\\\/image\\\/\"},\"sameAs\":[\"https:\\\/\\\/www.facebook.com\\\/LEVOLATIL\\\/?ref=pages_you_manage\",\"https:\\\/\\\/www.instagram.com\\\/_le_volatil_\\\/\"]}]}<\/script>\n<!-- \/ Yoast SEO plugin. -->","yoast_head_json":{"title":"Le Volatil - R\u00e9sidence","description":"Un lieu de cr\u00e9ation id\u00e9al doit permettre aux artistes de travailler sans la n\u00e9cessit\u00e9 d\u2019\u00e9noncer un discours clair sur ce qu\u2019ils vont produire","robots":{"index":"index","follow":"follow","max-snippet":"max-snippet:-1","max-image-preview":"max-image-preview:large","max-video-preview":"max-video-preview:-1"},"canonical":"https:\/\/levolatil.fr\/index.php\/laccueil-en-residence\/","og_locale":"fr_FR","og_type":"article","og_title":"Le Volatil - R\u00e9sidence","og_description":"Un lieu de cr\u00e9ation id\u00e9al doit permettre aux artistes de travailler sans la n\u00e9cessit\u00e9 d\u2019\u00e9noncer un discours clair sur ce qu\u2019ils vont produire","og_url":"https:\/\/levolatil.fr\/index.php\/laccueil-en-residence\/","og_site_name":"Le Volatil","article_publisher":"https:\/\/www.facebook.com\/LEVOLATIL\/?ref=pages_you_manage","article_modified_time":"2026-04-16T07:53:47+00:00","twitter_card":"summary_large_image","schema":{"@context":"https:\/\/schema.org","@graph":[{"@type":"WebPage","@id":"https:\/\/levolatil.fr\/index.php\/laccueil-en-residence\/","url":"https:\/\/levolatil.fr\/index.php\/laccueil-en-residence\/","name":"Le Volatil - R\u00e9sidence","isPartOf":{"@id":"https:\/\/levolatil.fr\/#website"},"datePublished":"2021-11-23T13:21:34+00:00","dateModified":"2026-04-16T07:53:47+00:00","description":"Un lieu de cr\u00e9ation id\u00e9al doit permettre aux artistes de travailler sans la n\u00e9cessit\u00e9 d\u2019\u00e9noncer un discours clair sur ce qu\u2019ils vont produire","breadcrumb":{"@id":"https:\/\/levolatil.fr\/index.php\/laccueil-en-residence\/#breadcrumb"},"inLanguage":"fr-FR","potentialAction":[{"@type":"ReadAction","target":["https:\/\/levolatil.fr\/index.php\/laccueil-en-residence\/"]}]},{"@type":"BreadcrumbList","@id":"https:\/\/levolatil.fr\/index.php\/laccueil-en-residence\/#breadcrumb","itemListElement":[{"@type":"ListItem","position":1,"name":"Accueil","item":"https:\/\/levolatil.fr\/"},{"@type":"ListItem","position":2,"name":"R\u00e9sidence"}]},{"@type":"WebSite","@id":"https:\/\/levolatil.fr\/#website","url":"https:\/\/levolatil.fr\/","name":"Le Volatil","description":"Manufacture artistique","publisher":{"@id":"https:\/\/levolatil.fr\/#organization"},"potentialAction":[{"@type":"SearchAction","target":{"@type":"EntryPoint","urlTemplate":"https:\/\/levolatil.fr\/?s={search_term_string}"},"query-input":{"@type":"PropertyValueSpecification","valueRequired":true,"valueName":"search_term_string"}}],"inLanguage":"fr-FR"},{"@type":"Organization","@id":"https:\/\/levolatil.fr\/#organization","name":"Le Volatil","url":"https:\/\/levolatil.fr\/","logo":{"@type":"ImageObject","inLanguage":"fr-FR","@id":"https:\/\/levolatil.fr\/#\/schema\/logo\/image\/","url":"https:\/\/levolatil.fr\/wp-content\/uploads\/2023\/09\/Fichier-1.png","contentUrl":"https:\/\/levolatil.fr\/wp-content\/uploads\/2023\/09\/Fichier-1.png","width":2768,"height":1926,"caption":"Le Volatil"},"image":{"@id":"https:\/\/levolatil.fr\/#\/schema\/logo\/image\/"},"sameAs":["https:\/\/www.facebook.com\/LEVOLATIL\/?ref=pages_you_manage","https:\/\/www.instagram.com\/_le_volatil_\/"]}]}},"_links":{"self":[{"href":"https:\/\/levolatil.fr\/index.php\/wp-json\/wp\/v2\/pages\/3260","targetHints":{"allow":["GET"]}}],"collection":[{"href":"https:\/\/levolatil.fr\/index.php\/wp-json\/wp\/v2\/pages"}],"about":[{"href":"https:\/\/levolatil.fr\/index.php\/wp-json\/wp\/v2\/types\/page"}],"author":[{"embeddable":true,"href":"https:\/\/levolatil.fr\/index.php\/wp-json\/wp\/v2\/users\/1"}],"replies":[{"embeddable":true,"href":"https:\/\/levolatil.fr\/index.php\/wp-json\/wp\/v2\/comments?post=3260"}],"version-history":[{"count":56,"href":"https:\/\/levolatil.fr\/index.php\/wp-json\/wp\/v2\/pages\/3260\/revisions"}],"predecessor-version":[{"id":5341,"href":"https:\/\/levolatil.fr\/index.php\/wp-json\/wp\/v2\/pages\/3260\/revisions\/5341"}],"wp:attachment":[{"href":"https:\/\/levolatil.fr\/index.php\/wp-json\/wp\/v2\/media?parent=3260"}],"curies":[{"name":"wp","href":"https:\/\/api.w.org\/{rel}","templated":true}]}}