{"id":5052,"date":"2025-12-04T14:43:49","date_gmt":"2025-12-04T13:43:49","guid":{"rendered":"https:\/\/levolatil.fr\/?page_id=5052"},"modified":"2026-04-09T11:35:32","modified_gmt":"2026-04-09T09:35:32","slug":"accueil-2025","status":"publish","type":"page","link":"https:\/\/levolatil.fr\/","title":{"rendered":"Accueil &#8211; 2025"},"content":{"rendered":"\n<div class=\"wp-block-create-block-info-block info-block\" style=\"display:flex;\">\n\n    <div class=\"block-gauche\" style=\"width:65%\">\n\n        \n    <\/div>\n\n    <div class=\"block-droite\" style=\"width:35%\">\n        <div class=\"b-paragraph\">\n                            <h1>Un nouveau toit<\/h1>\n            \n                    <\/div>\n    <\/div>\n\n<\/div>\n\n\n\n<div class=\"wp-block-group is-layout-grid wp-container-core-group-is-layout-3844d78f wp-block-group-is-layout-grid\">\n\n\n<div style=\"height:92px\" aria-hidden=\"true\" class=\"wp-block-spacer wp-container-content-ec55e6f3\"><\/div>\n\n\n<\/div>\n\n\n\n<p><\/p>\n","protected":false},"excerpt":{"rendered":"","protected":false},"author":1,"featured_media":0,"parent":0,"menu_order":0,"comment_status":"closed","ping_status":"closed","template":"templates\/template-banner.php","meta":{"_acf_changed":false,"footnotes":""},"class_list":["post-5052","page","type-page","status-publish","hentry"],"acf":[],"yoast_head":"<!-- This site is optimized with the Yoast SEO plugin v27.3 - https:\/\/yoast.com\/product\/yoast-seo-wordpress\/ -->\n<title>Le Volatil - Accueil &#8211; 2025<\/title>\n<meta name=\"description\" content=\"Ce lieu a pour ambition de permettre aux artistes d\u2019acc\u00e9der \u00e0 un espace de travail, de pr\u00e9senter leurs recherches dans des temps d\u2019ouverture..\" \/>\n<meta name=\"robots\" content=\"index, follow, max-snippet:-1, max-image-preview:large, max-video-preview:-1\" \/>\n<link rel=\"canonical\" href=\"https:\/\/levolatil.fr\/\" \/>\n<meta property=\"og:locale\" content=\"fr_FR\" \/>\n<meta property=\"og:type\" content=\"article\" \/>\n<meta property=\"og:title\" content=\"Le Volatil - Accueil &#8211; 2025\" \/>\n<meta property=\"og:description\" content=\"Ce lieu a pour ambition de permettre aux artistes d\u2019acc\u00e9der \u00e0 un espace de travail, de pr\u00e9senter leurs recherches dans des temps d\u2019ouverture..\" \/>\n<meta property=\"og:url\" content=\"https:\/\/levolatil.fr\/\" \/>\n<meta property=\"og:site_name\" content=\"Le Volatil\" \/>\n<meta property=\"article:publisher\" content=\"https:\/\/www.facebook.com\/LEVOLATIL\/?ref=pages_you_manage\" \/>\n<meta property=\"article:modified_time\" content=\"2026-04-09T09:35:32+00:00\" \/>\n<meta name=\"twitter:card\" content=\"summary_large_image\" \/>\n<script type=\"application\/ld+json\" class=\"yoast-schema-graph\">{\"@context\":\"https:\\\/\\\/schema.org\",\"@graph\":[{\"@type\":\"WebPage\",\"@id\":\"https:\\\/\\\/levolatil.fr\\\/\",\"url\":\"https:\\\/\\\/levolatil.fr\\\/\",\"name\":\"Le Volatil - Accueil &#8211; 2025\",\"isPartOf\":{\"@id\":\"https:\\\/\\\/levolatil.fr\\\/#website\"},\"datePublished\":\"2025-12-04T13:43:49+00:00\",\"dateModified\":\"2026-04-09T09:35:32+00:00\",\"description\":\"Ce lieu a pour ambition de permettre aux artistes d\u2019acc\u00e9der \u00e0 un espace de travail, de pr\u00e9senter leurs recherches dans des temps d\u2019ouverture..\",\"breadcrumb\":{\"@id\":\"https:\\\/\\\/levolatil.fr\\\/#breadcrumb\"},\"inLanguage\":\"fr-FR\",\"potentialAction\":[{\"@type\":\"ReadAction\",\"target\":[\"https:\\\/\\\/levolatil.fr\\\/\"]}]},{\"@type\":\"BreadcrumbList\",\"@id\":\"https:\\\/\\\/levolatil.fr\\\/#breadcrumb\",\"itemListElement\":[{\"@type\":\"ListItem\",\"position\":1,\"name\":\"Accueil\",\"item\":\"https:\\\/\\\/levolatil.fr\\\/\"},{\"@type\":\"ListItem\",\"position\":2,\"name\":\"Accueil &#8211; 2025\"}]},{\"@type\":\"WebSite\",\"@id\":\"https:\\\/\\\/levolatil.fr\\\/#website\",\"url\":\"https:\\\/\\\/levolatil.fr\\\/\",\"name\":\"Le Volatil\",\"description\":\"Manufacture artistique\",\"publisher\":{\"@id\":\"https:\\\/\\\/levolatil.fr\\\/#organization\"},\"potentialAction\":[{\"@type\":\"SearchAction\",\"target\":{\"@type\":\"EntryPoint\",\"urlTemplate\":\"https:\\\/\\\/levolatil.fr\\\/?s={search_term_string}\"},\"query-input\":{\"@type\":\"PropertyValueSpecification\",\"valueRequired\":true,\"valueName\":\"search_term_string\"}}],\"inLanguage\":\"fr-FR\"},{\"@type\":\"Organization\",\"@id\":\"https:\\\/\\\/levolatil.fr\\\/#organization\",\"name\":\"Le Volatil\",\"url\":\"https:\\\/\\\/levolatil.fr\\\/\",\"logo\":{\"@type\":\"ImageObject\",\"inLanguage\":\"fr-FR\",\"@id\":\"https:\\\/\\\/levolatil.fr\\\/#\\\/schema\\\/logo\\\/image\\\/\",\"url\":\"https:\\\/\\\/levolatil.fr\\\/wp-content\\\/uploads\\\/2023\\\/09\\\/Fichier-1.png\",\"contentUrl\":\"https:\\\/\\\/levolatil.fr\\\/wp-content\\\/uploads\\\/2023\\\/09\\\/Fichier-1.png\",\"width\":2768,\"height\":1926,\"caption\":\"Le Volatil\"},\"image\":{\"@id\":\"https:\\\/\\\/levolatil.fr\\\/#\\\/schema\\\/logo\\\/image\\\/\"},\"sameAs\":[\"https:\\\/\\\/www.facebook.com\\\/LEVOLATIL\\\/?ref=pages_you_manage\",\"https:\\\/\\\/www.instagram.com\\\/_le_volatil_\\\/\"]}]}<\/script>\n<!-- \/ Yoast SEO plugin. -->","yoast_head_json":{"title":"Le Volatil - Accueil &#8211; 2025","description":"Ce lieu a pour ambition de permettre aux artistes d\u2019acc\u00e9der \u00e0 un espace de travail, de pr\u00e9senter leurs recherches dans des temps d\u2019ouverture..","robots":{"index":"index","follow":"follow","max-snippet":"max-snippet:-1","max-image-preview":"max-image-preview:large","max-video-preview":"max-video-preview:-1"},"canonical":"https:\/\/levolatil.fr\/","og_locale":"fr_FR","og_type":"article","og_title":"Le Volatil - Accueil &#8211; 2025","og_description":"Ce lieu a pour ambition de permettre aux artistes d\u2019acc\u00e9der \u00e0 un espace de travail, de pr\u00e9senter leurs recherches dans des temps d\u2019ouverture..","og_url":"https:\/\/levolatil.fr\/","og_site_name":"Le Volatil","article_publisher":"https:\/\/www.facebook.com\/LEVOLATIL\/?ref=pages_you_manage","article_modified_time":"2026-04-09T09:35:32+00:00","twitter_card":"summary_large_image","schema":{"@context":"https:\/\/schema.org","@graph":[{"@type":"WebPage","@id":"https:\/\/levolatil.fr\/","url":"https:\/\/levolatil.fr\/","name":"Le Volatil - Accueil &#8211; 2025","isPartOf":{"@id":"https:\/\/levolatil.fr\/#website"},"datePublished":"2025-12-04T13:43:49+00:00","dateModified":"2026-04-09T09:35:32+00:00","description":"Ce lieu a pour ambition de permettre aux artistes d\u2019acc\u00e9der \u00e0 un espace de travail, de pr\u00e9senter leurs recherches dans des temps d\u2019ouverture..","breadcrumb":{"@id":"https:\/\/levolatil.fr\/#breadcrumb"},"inLanguage":"fr-FR","potentialAction":[{"@type":"ReadAction","target":["https:\/\/levolatil.fr\/"]}]},{"@type":"BreadcrumbList","@id":"https:\/\/levolatil.fr\/#breadcrumb","itemListElement":[{"@type":"ListItem","position":1,"name":"Accueil","item":"https:\/\/levolatil.fr\/"},{"@type":"ListItem","position":2,"name":"Accueil &#8211; 2025"}]},{"@type":"WebSite","@id":"https:\/\/levolatil.fr\/#website","url":"https:\/\/levolatil.fr\/","name":"Le Volatil","description":"Manufacture artistique","publisher":{"@id":"https:\/\/levolatil.fr\/#organization"},"potentialAction":[{"@type":"SearchAction","target":{"@type":"EntryPoint","urlTemplate":"https:\/\/levolatil.fr\/?s={search_term_string}"},"query-input":{"@type":"PropertyValueSpecification","valueRequired":true,"valueName":"search_term_string"}}],"inLanguage":"fr-FR"},{"@type":"Organization","@id":"https:\/\/levolatil.fr\/#organization","name":"Le Volatil","url":"https:\/\/levolatil.fr\/","logo":{"@type":"ImageObject","inLanguage":"fr-FR","@id":"https:\/\/levolatil.fr\/#\/schema\/logo\/image\/","url":"https:\/\/levolatil.fr\/wp-content\/uploads\/2023\/09\/Fichier-1.png","contentUrl":"https:\/\/levolatil.fr\/wp-content\/uploads\/2023\/09\/Fichier-1.png","width":2768,"height":1926,"caption":"Le Volatil"},"image":{"@id":"https:\/\/levolatil.fr\/#\/schema\/logo\/image\/"},"sameAs":["https:\/\/www.facebook.com\/LEVOLATIL\/?ref=pages_you_manage","https:\/\/www.instagram.com\/_le_volatil_\/"]}]}},"_links":{"self":[{"href":"https:\/\/levolatil.fr\/index.php\/wp-json\/wp\/v2\/pages\/5052","targetHints":{"allow":["GET"]}}],"collection":[{"href":"https:\/\/levolatil.fr\/index.php\/wp-json\/wp\/v2\/pages"}],"about":[{"href":"https:\/\/levolatil.fr\/index.php\/wp-json\/wp\/v2\/types\/page"}],"author":[{"embeddable":true,"href":"https:\/\/levolatil.fr\/index.php\/wp-json\/wp\/v2\/users\/1"}],"replies":[{"embeddable":true,"href":"https:\/\/levolatil.fr\/index.php\/wp-json\/wp\/v2\/comments?post=5052"}],"version-history":[{"count":71,"href":"https:\/\/levolatil.fr\/index.php\/wp-json\/wp\/v2\/pages\/5052\/revisions"}],"predecessor-version":[{"id":5195,"href":"https:\/\/levolatil.fr\/index.php\/wp-json\/wp\/v2\/pages\/5052\/revisions\/5195"}],"wp:attachment":[{"href":"https:\/\/levolatil.fr\/index.php\/wp-json\/wp\/v2\/media?parent=5052"}],"curies":[{"name":"wp","href":"https:\/\/api.w.org\/{rel}","templated":true}]}}